{"id":1603,"date":"2023-07-25T05:04:49","date_gmt":"2023-07-25T05:04:49","guid":{"rendered":"https:\/\/www.bluewayapps.com\/home-2\/"},"modified":"2025-07-17T19:07:48","modified_gmt":"2025-07-17T19:07:48","slug":"home-2","status":"publish","type":"page","link":"https:\/\/www.bluewayapps.com\/es\/","title":{"rendered":"Inicio"},"content":{"rendered":"<div class=\"wp-block-uagb-container uagb-layout-flex uagb-block-a86c3e1f alignwide uagb-is-root-container\">\n<div class=\"wp-block-uagb-container uagb-block-7e921305\">\n<div class=\"wp-block-columns alignfull is-layout-flex wp-container-core-columns-is-layout-28f84493 wp-block-columns-is-layout-flex\">\n<div class=\"wp-block-column is-layout-flow wp-block-column-is-layout-flow\" style=\"flex-basis:100%\">\n<header class=\"wp-block-uagb-advanced-heading uagb-block-17dc80c9\"><h1 class=\"uagb-heading-text\">Transforme los retos en oportunidades con la experiencia Nearshore.<\/h1><\/header>\n<\/div>\n<\/div>\n<\/div>\n\n\n\n<div class=\"wp-block-uagb-container uagb-block-fb4a91a9\">\n<div class=\"wp-block-uagb-info-box uagb-block-43a4b93d uagb-infobox__content-wrap  uagb-infobox_cta-type-all uagb-infobox-icon-above-title uagb-infobox-image-valign-top\"><a href=\"\/es\/contact\/\" class=\"uagb-infobox-link-wrap uagb-infbox__link-to-all\" target=\"_blank\" aria-label=\"Enlace Infobox\" rel=\"noopener noreferrer\" onclick=\"return true;\"><\/a><div class=\"uagb-ifb-content\"><div class=\"uagb-ifb-title-wrap\"><\/div><div class=\"uagb-ifb-button-wrapper wp-block-button\"><\/div><\/div><\/div>\n<\/div>\n<\/div>\n\n\n\n<div class=\"wp-block-uagb-container uagb-block-2b67b2b2 alignfull uagb-is-root-container\"><div class=\"uagb-container-inner-blocks-wrap\">\n<div class=\"wp-block-uagb-container uagb-block-9a89faee\">\n<div class=\"wp-block-uagb-advanced-heading uagb-block-eec6b9e4\"><h2 class=\"uagb-heading-text\"><strong>Qui\u00e9nes somos<\/strong><\/h2><div class=\"uagb-separator\"><\/div><p class=\"uagb-desc-text\"><mark style=\"background-color:rgba(0, 0, 0, 0)\" class=\"has-inline-color has-ast-global-color-5-color\">\"Blueway Group es un proveedor l\u00edder de servicios de consultor\u00eda nearshore, especializado en ofrecer soluciones estrat\u00e9gicas e innovadoras que impulsan un valor empresarial tangible. Nuestro equipo de expertos certificados posee un profundo conocimiento del sector y un historial de \u00e9xito probado. Ofrecemos una amplia gama de servicios, incluyendo implementaci\u00f3n, personalizaci\u00f3n, integraci\u00f3n y soporte, para ayudar a las organizaciones a optimizar sus operaciones, mejorar la eficiencia y mejorar la experiencia del cliente. Al aprovechar nuestra experiencia, puede acelerar su transformaci\u00f3n digital, reducir costes y lograr un mayor retorno de la inversi\u00f3n (ROI) .\"<\/mark><\/p><\/div>\n\n\n\n<div class=\"wp-block-uagb-buttons uagb-buttons__outer-wrap uagb-btn__default-btn uagb-btn-tablet__default-btn uagb-btn-mobile__default-btn uagb-block-e42768b9\"><div class=\"uagb-buttons__wrap uagb-buttons-layout-wrap\">\n<div class=\"wp-block-uagb-buttons-child uagb-buttons__outer-wrap uagb-block-4d32b156 wp-block-button\"><div class=\"uagb-button__wrapper\"><a class=\"uagb-buttons-repeater wp-block-button__link\" aria-label=\"\" href=\"\/es\/about\/\" rel=\"follow noopener\" target=\"_self\" role=\"button\"><div class=\"uagb-button__link\">Seguir leyendo<\/div><\/a><\/div><\/div>\n<\/div><\/div>\n<\/div>\n\n\n\n<figure class=\"wp-block-image size-full\"><img loading=\"lazy\" decoding=\"async\" width=\"1280\" height=\"904\" src=\"https:\/\/www.bluewayapps.com\/wp-content\/uploads\/2024\/03\/pexels-photo-2422294.jpeg\" alt=\"BW People\" class=\"wp-image-1180\" srcset=\"https:\/\/www.bluewayapps.com\/wp-content\/uploads\/2024\/03\/pexels-photo-2422294.jpeg 1280w, https:\/\/www.bluewayapps.com\/wp-content\/uploads\/2024\/03\/pexels-photo-2422294-300x212.jpeg 300w, https:\/\/www.bluewayapps.com\/wp-content\/uploads\/2024\/03\/pexels-photo-2422294-1024x723.jpeg 1024w, https:\/\/www.bluewayapps.com\/wp-content\/uploads\/2024\/03\/pexels-photo-2422294-768x542.jpeg 768w\" sizes=\"auto, (max-width: 1280px) 100vw, 1280px\" \/><\/figure>\n<\/div><\/div>\n\n\n\n<div class=\"wp-block-uagb-container uagb-block-bdf269ec alignfull uagb-is-root-container\"><div class=\"uagb-container-inner-blocks-wrap\">\n<h2 class=\"wp-block-heading has-text-align-left\" style=\"border-style:none;border-width:0px;margin-top:0;margin-bottom:0;font-size:62px\">       Por qu\u00e9 Blueway<\/h2>\n\n\n\n<div class=\"wp-block-uagb-container uagb-block-aeeaad4d\">\n<div class=\"wp-block-uagb-info-box uagb-block-8ce93eae uagb-infobox__content-wrap  uagb-infobox-icon-above-title uagb-infobox-image-valign-top\"><div class=\"uagb-ifb-content\"><div class=\"uagb-ifb-icon-wrap\"><div class=\"uagb-iconbox-icon-wrap uagb-infobox-shape-circle\"><svg xmlns=\"https:\/\/www.w3.org\/2000\/svg\" viewbox=\"0 0 576 512\"><path d=\"M381.2 150.3L524.9 171.5C536.8 173.2 546.8 181.6 550.6 193.1C554.4 204.7 551.3 217.3 542.7 225.9L438.5 328.1L463.1 474.7C465.1 486.7 460.2 498.9 450.2 506C440.3 513.1 427.2 514 416.5 508.3L288.1 439.8L159.8 508.3C149 514 135.9 513.1 126 506C116.1 498.9 111.1 486.7 113.2 474.7L137.8 328.1L33.58 225.9C24.97 217.3 21.91 204.7 25.69 193.1C29.46 181.6 39.43 173.2 51.42 171.5L195 150.3L259.4 17.97C264.7 6.954 275.9-.0391 288.1-.0391C300.4-.0391 311.6 6.954 316.9 17.97L381.2 150.3z\"><\/path><\/svg><\/div><\/div><div class=\"uagb-ifb-title-wrap\"><h3 class=\"uagb-ifb-title\">Soluciones robustas y ampliables<\/h3><\/div><p class=\"uagb-ifb-desc\">Nuestras soluciones est\u00e1n dise\u00f1adas para el rendimiento y el crecimiento. Ofrecemos plataformas escalables que se adaptan a las necesidades cambiantes de su empresa, garantizando operaciones ininterrumpidas y el m\u00e1ximo retorno de la inversi\u00f3n.<\/p><\/div><\/div>\n\n\n\n<div class=\"wp-block-uagb-info-box uagb-block-283c9d93 uagb-infobox__content-wrap  uagb-infobox-icon-above-title uagb-infobox-image-valign-top\"><div class=\"uagb-ifb-content\"><div class=\"uagb-ifb-icon-wrap\"><div class=\"uagb-iconbox-icon-wrap uagb-infobox-shape-circle\"><svg xmlns=\"https:\/\/www.w3.org\/2000\/svg\" viewbox=\"0 0 448 512\"><path d=\"M224 256c70.7 0 128-57.31 128-128s-57.3-128-128-128C153.3 0 96 57.31 96 128S153.3 256 224 256zM274.7 304H173.3C77.61 304 0 381.6 0 477.3c0 19.14 15.52 34.67 34.66 34.67h378.7C432.5 512 448 496.5 448 477.3C448 381.6 370.4 304 274.7 304z\"><\/path><\/svg><\/div><\/div><div class=\"uagb-ifb-title-wrap\"><h3 class=\"uagb-ifb-title\">Agile en nuestro centro<\/h3><\/div><p class=\"uagb-ifb-desc\"><br>Adoptamos una metodolog\u00eda \u00e1gil para ofrecer resultados excepcionales. Nuestro enfoque iterativo nos permite adaptarnos a la evoluci\u00f3n de sus necesidades y ofrecer soluciones flexibles que aportan un valor empresarial real.<\/p><\/div><\/div>\n\n\n\n<div class=\"wp-block-uagb-info-box uagb-block-7906daa1 uagb-infobox__content-wrap  uagb-infobox-icon-above-title uagb-infobox-image-valign-top\"><div class=\"uagb-ifb-content\"><div class=\"uagb-ifb-icon-wrap\"><div class=\"uagb-iconbox-icon-wrap uagb-infobox-shape-circle\"><svg xmlns=\"https:\/\/www.w3.org\/2000\/svg\" viewbox=\"0 0 384 512\"><path d=\"M288 358.3c13.98-8.088 17.53-30.04 28.88-41.39c11.35-11.35 33.3-14.88 41.39-28.87c7.98-13.79 .1658-34.54 4.373-50.29C366.7 222.5 383.1 208.5 383.1 192c0-16.5-17.27-30.52-21.34-45.73c-4.207-15.75 3.612-36.5-4.365-50.29c-8.086-13.98-30.03-17.52-41.38-28.87c-11.35-11.35-14.89-33.3-28.87-41.39c-13.79-7.979-34.54-.1637-50.29-4.375C222.5 17.27 208.5 0 192 0C175.5 0 161.5 17.27 146.3 21.34C130.5 25.54 109.8 17.73 95.98 25.7C82 33.79 78.46 55.74 67.11 67.08C55.77 78.43 33.81 81.97 25.72 95.95C17.74 109.7 25.56 130.5 21.35 146.2C17.27 161.5 .0008 175.5 .0008 192c0 16.5 17.27 30.52 21.34 45.73c4.207 15.75-3.615 36.5 4.361 50.29C33.8 302 55.74 305.5 67.08 316.9c11.35 11.35 14.89 33.3 28.88 41.4c13.79 7.979 34.53 .1582 50.28 4.369C161.5 366.7 175.5 384 192 384c16.5 0 30.52-17.27 45.74-21.34C253.5 358.5 274.2 366.3 288 358.3zM112 192c0-44.27 35.81-80 80-80s80 35.73 80 80c0 44.17-35.81 80-80 80S112 236.2 112 192zM1.719 433.2c-3.25 8.188-1.781 17.48 3.875 24.25c5.656 6.75 14.53 9.898 23.12 8.148l45.19-9.035l21.43 42.27C99.46 507 107.6 512 116.7 512c.3438 0 .6641-.0117 1.008-.0273c9.5-.375 17.65-6.082 21.24-14.88l33.58-82.08c-53.71-4.639-102-28.12-138.2-63.95L1.719 433.2zM349.6 351.1c-36.15 35.83-84.45 59.31-138.2 63.95l33.58 82.08c3.594 8.797 11.74 14.5 21.24 14.88C266.6 511.1 266.1 512 267.3 512c9.094 0 17.23-4.973 21.35-13.14l21.43-42.28l45.19 9.035c8.594 1.75 17.47-1.398 23.12-8.148c5.656-6.766 7.125-16.06 3.875-24.25L349.6 351.1z\"><\/path><\/svg><\/div><\/div><div class=\"uagb-ifb-title-wrap\"><h3 class=\"uagb-ifb-title\">Asistencia inigualable<\/h3><\/div><p class=\"uagb-ifb-desc\">Disfrute de una asistencia inigualable con nuestro equipo especializado. Nos comprometemos a garantizar que su entorno funcione sin problemas, con asistencia las 24 horas del d\u00eda para resolver los problemas con prontitud.<\/p><\/div><\/div>\n<\/div>\n<\/div><\/div>\n\n\n\n<div class=\"wp-block-uagb-container uagb-block-fbc5deb3 alignfull uagb-is-root-container\"><div class=\"uagb-container-inner-blocks-wrap\">\n<div class=\"wp-block-uagb-container uagb-block-d80cb9a7\">\n<div class=\"wp-block-uagb-advanced-heading uagb-block-c559c5cb\"><h2 class=\"uagb-heading-text\"><strong>Nuestros servicios<\/strong><\/h2><\/div>\n<\/div>\n\n\n\n<div class=\"wp-block-uagb-container uagb-block-2422ad7c\">\n<div class=\"wp-block-uagb-container uagb-block-9eef640e\">\n<div class=\"wp-block-uagb-info-box uagb-block-b39f2efe uagb-infobox__content-wrap  uagb-infobox-icon-above-title uagb-infobox-image-valign-top\"><div class=\"uagb-ifb-content\"><div class=\"uagb-ifb-title-wrap\"><span class=\"uagb-ifb-title-prefix\">01.<\/span><h3 class=\"uagb-ifb-title\"><strong>Soluciones integrales de ServiceNow<\/strong><\/h3><\/div><p class=\"uagb-ifb-desc\"><br>Libere todo el potencial de su organizaci\u00f3n con nuestras soluciones ServiceNow a medida. Desde la optimizaci\u00f3n de los flujos de trabajo y la mejora de la gesti\u00f3n de servicios de TI hasta la mejora de la experiencia del cliente y el impulso de la transformaci\u00f3n digital, ayudamos a las empresas a alcanzar sus objetivos. Nuestro equipo de expertos colaborar\u00e1 estrechamente con usted para comprender sus desaf\u00edos \u00fanicos y desarrollar una estrategia personalizada que ofrezca resultados medibles.<\/p><\/div><\/div>\n\n\n\n<div class=\"wp-block-uagb-info-box uagb-block-368bc994 uagb-infobox__content-wrap  uagb-infobox-icon-above-title uagb-infobox-image-valign-top\"><div class=\"uagb-ifb-content\"><div class=\"uagb-ifb-title-wrap\"><span class=\"uagb-ifb-title-prefix\">02.<\/span><h3 class=\"uagb-ifb-title\">Servicios de integraci\u00f3n<\/h3><\/div><p class=\"uagb-ifb-desc\">Unifique sus operaciones empresariales con nuestros servicios de integraci\u00f3n expertos. Conectamos a la perfecci\u00f3n sus sistemas y datos, creando un ecosistema digital cohesionado. Al romper los silos y optimizar el flujo de datos, le permitimos tomar decisiones informadas, mejorar la eficiencia operativa e impulsar el crecimiento empresarial. Nuestras soluciones de integraci\u00f3n se adaptan a sus necesidades espec\u00edficas, aprovechando las \u00faltimas tecnolog\u00edas y las mejores pr\u00e1cticas del sector.<\/p><\/div><\/div>\n\n\n\n<div class=\"wp-block-uagb-info-box uagb-block-efea655c uagb-infobox__content-wrap  uagb-infobox-icon-above-title uagb-infobox-image-valign-top\"><div class=\"uagb-ifb-content\"><div class=\"uagb-ifb-title-wrap\"><span class=\"uagb-ifb-title-prefix\">03.<\/span><h3 class=\"uagb-ifb-title\">Desarrollo de aplicaciones<\/h3><\/div><p class=\"uagb-ifb-desc\">Unifique sus operaciones empresariales con nuestros servicios de integraci\u00f3n expertos. Conectamos a la perfecci\u00f3n sus sistemas y datos, creando un ecosistema digital cohesionado. Al romper los silos y optimizar el flujo de datos, le permitimos tomar decisiones informadas, mejorar la eficiencia operativa e impulsar el crecimiento empresarial. Nuestras soluciones de integraci\u00f3n se adaptan a sus necesidades espec\u00edficas, aprovechando las \u00faltimas tecnolog\u00edas y las mejores pr\u00e1cticas del sector.<\/p><\/div><\/div>\n<\/div>\n\n\n\n<div class=\"wp-block-uagb-container uagb-block-7b0c4498\">\n<div class=\"wp-block-uagb-info-box uagb-block-508eeabf uagb-infobox__content-wrap  uagb-infobox-icon-above-title uagb-infobox-image-valign-top\"><div class=\"uagb-ifb-content\"><div class=\"uagb-ifb-title-wrap\"><span class=\"uagb-ifb-title-prefix\">04.<\/span><h3 class=\"uagb-ifb-title\">Automatizaci\u00f3n del flujo de trabajo<\/h3><\/div><p class=\"uagb-ifb-desc\">Revolucione sus operaciones con nuestras soluciones de automatizaci\u00f3n inteligente. Al agilizar los procesos complejos, eliminar las tareas manuales y optimizar los flujos de trabajo, permitimos que su empresa alcance una eficiencia y productividad sin precedentes. Nuestros expertos colaborar\u00e1n estrechamente con usted para identificar \u00e1reas de mejora, dise\u00f1ar e implantar soluciones automatizadas y medir el impacto en su cuenta de resultados. Experimente el poder transformador de la automatizaci\u00f3n y desbloquee nuevas oportunidades de crecimiento.<\/p><\/div><\/div>\n\n\n\n<div class=\"wp-block-uagb-info-box uagb-block-238e4b9b uagb-infobox__content-wrap  uagb-infobox-icon-above-title uagb-infobox-image-valign-top\"><div class=\"uagb-ifb-content\"><div class=\"uagb-ifb-title-wrap\"><span class=\"uagb-ifb-title-prefix\">05.<\/span><h3 class=\"uagb-ifb-title\">Actualizaciones del sistema<\/h3><\/div><p class=\"uagb-ifb-desc\"><strong>Aproveche la potencia de las \u00faltimas funciones y mejoras para impulsar la innovaci\u00f3n y optimizar sus operaciones empresariales. Nuestros expertos se mantienen a la vanguardia, garantizando que se beneficie de las capacidades de vanguardia que ofrecen resultados tangibles.<\/strong><\/p><\/div><\/div>\n\n\n\n<div class=\"wp-block-uagb-info-box uagb-block-601e5ff2 uagb-infobox__content-wrap  uagb-infobox-icon-above-title uagb-infobox-image-valign-top\"><div class=\"uagb-ifb-content\"><div class=\"uagb-ifb-title-wrap\"><span class=\"uagb-ifb-title-prefix\">06.<\/span><h3 class=\"uagb-ifb-title\">Formaci\u00f3n y asistencia<\/h3><\/div><p class=\"uagb-ifb-desc\"><strong>Aproveche la potencia de las \u00faltimas funciones y mejoras de ServiceNow para impulsar la innovaci\u00f3n y optimizar sus operaciones empresariales. Nuestros expertos se mantienen a la vanguardia, asegur\u00e1ndose de que se beneficia de las capacidades de vanguardia que ofrecen resultados tangibles.<\/strong><\/p><\/div><\/div>\n<\/div>\n<\/div>\n<\/div><\/div>\n\n\n\n<div class=\"wp-block-uagb-container uagb-block-ca93ba4f alignfull uagb-is-root-container\"><div class=\"uagb-container-inner-blocks-wrap\">\n<div class=\"wp-block-uagb-advanced-heading uagb-block-c8e7122d\"><h2 class=\"uagb-heading-text\">Testimonios de clientes<\/h2><\/div>\n\n\n\n<div class=\"wp-block-uagb-container uagb-block-3a46b612\">\n<div class=\"wp-block-uagb-container uagb-block-b319aaa7\">\n<div class=\"wp-block-uagb-star-rating uagb-block-642689e0\"><div class=\"uag-star-rating\" title=\"5\/5\"><span class=\"uag-star\">\u2605<\/span><span class=\"uag-star\">\u2605<\/span><span class=\"uag-star\">\u2605<\/span><span class=\"uag-star\">\u2605<\/span><span class=\"uag-star\">\u2605<\/span><\/div><\/div>\n\n\n\n<div class=\"wp-block-uagb-testimonial uagb-slick-carousel uagb-tm__arrow-outside uagb-block-6ca9db9b uagb-post__carousel_notset uagb-post__carousel_notset-tablet uagb-post__carousel_notset-mobile\"><div class=\"is-carousel uagb-tm__columns-1 uagb-tm__items\"><div class=\"uagb-testimonial__wrap  uagb-tm__imgicon-style-circle uagb-tm__image-position-bottom uagb-tm__bg-type-none\"><div class=\"uagb-tm__content\"><div class=\"uagb-tm__overlay\"><\/div><div class=\"uagb-tm__text-wrap\"><div class=\"uagb-tm__desc\">Blueway Group nos ayud\u00f3 a conseguir mejoras significativas en nuestro proceso de gesti\u00f3n de servicios de TI. El equipo est\u00e1 muy bien informado y sus soluciones ServiceNow han mejorado enormemente nuestra eficiencia.<\/div><div class=\"uagb-tm__meta-inner\"><div class=\"uagb-testimonial-details\"><span class=\"uagb-tm__author-name\">Responsable de log\u00edstica<\/span><span class=\"uagb-tm__company\">Empresa de reparto de comida a domicilio en Heath<\/span><\/div><\/div><\/div><\/div><\/div><\/div><\/div>\n<\/div>\n\n\n\n<div class=\"wp-block-uagb-container uagb-block-e9e298ac\">\n<div class=\"wp-block-uagb-star-rating uagb-block-42260f2a\"><div class=\"uag-star-rating\" title=\"5\/5\"><span class=\"uag-star\">\u2605<\/span><span class=\"uag-star\">\u2605<\/span><span class=\"uag-star\">\u2605<\/span><span class=\"uag-star\">\u2605<\/span><span class=\"uag-star\">\u2605<\/span><\/div><\/div>\n\n\n\n<div class=\"wp-block-uagb-testimonial uagb-slick-carousel uagb-tm__arrow-outside uagb-block-a481b164 uagb-post__carousel_notset uagb-post__carousel_notset-tablet uagb-post__carousel_notset-mobile\"><div class=\"is-carousel uagb-tm__columns-1 uagb-tm__items\"><div class=\"uagb-testimonial__wrap  uagb-tm__imgicon-style-circle uagb-tm__image-position-bottom uagb-tm__bg-type-none\"><div class=\"uagb-tm__content\"><div class=\"uagb-tm__overlay\"><\/div><div class=\"uagb-tm__text-wrap\"><div class=\"uagb-tm__desc\">Nos impresion\u00f3 la experiencia y el compromiso de Blueway Group para comprender nuestros requisitos empresariales \u00fanicos. Su implantaci\u00f3n de ServiceNow ha revolucionado nuestras operaciones.<\/div><div class=\"uagb-tm__meta-inner\"><div class=\"uagb-testimonial-details\"><span class=\"uagb-tm__author-name\">Responsable de adquisiciones<\/span><span class=\"uagb-tm__company\">Empresa de entretenimiento<\/span><\/div><\/div><\/div><\/div><\/div><\/div><\/div>\n<\/div>\n<\/div>\n<\/div><\/div>\n\n\n\n<div class=\"wp-block-uagb-container uagb-block-7c8cb167 alignfull uagb-is-root-container\"><div class=\"uagb-container-inner-blocks-wrap\">\n<div class=\"wp-block-uagb-advanced-heading uagb-block-e7a9c67f\"><h3 class=\"uagb-heading-text\"><strong>\u00bfListo para transformar su empresa?<\/strong><\/h3><p class=\"uagb-desc-text\"> P\u00f3ngase en contacto con nosotros hoy mismo para realizar una consulta gratuita y descubrir c\u00f3mo nuestra experiencia puede mejorar sus soluciones empresariales.<\/p><\/div>\n\n\n\n<div data-aos= \"slide-up\" data-aos-duration=\"400\" data-aos-delay=\"0\" data-aos-easing=\"ease\" data-aos-once=\"true\" class=\"wp-block-uagb-forms uagb-forms__outer-wrap uagb-block-58fbc707 uagb-forms__small-btn\"><form class=\"uagb-forms-main-form\" method=\"post\" autocomplete=\"on\" name=\"uagb-form-58fbc707\" action=\"\">\n<div class=\"wp-block-uagb-forms-name uagb-forms-name-wrap uagb-forms-field-set uagb-block-9fe658e1\"><div class=\"uagb-forms-name-label required uagb-forms-input-label\" id=\"9fe658e1\">Nombre<\/div><input type=\"text\" placeholder=\"John\" required class=\"uagb-forms-name-input uagb-forms-input\" name=\"9fe658e1\" autocomplete=\"given-name\"\/><\/div>\n\n\n\n<div class=\"wp-block-uagb-forms-name uagb-forms-name-wrap uagb-forms-field-set uagb-block-514e32e4\"><div class=\"uagb-forms-name-label required uagb-forms-input-label\" id=\"514e32e4\">Apellido<\/div><input type=\"text\" placeholder=\"Doe\" required class=\"uagb-forms-name-input uagb-forms-input\" name=\"514e32e4\" autocomplete=\"family-name\"\/><\/div>\n\n\n\n<div class=\"wp-block-uagb-forms-email uagb-forms-email-wrap uagb-forms-field-set uagb-block-2a30ede0\"><div class=\"uagb-forms-email-label  uagb-forms-input-label\" id=\"2a30ede0\">Correo electr\u00f3nico<\/div><input type=\"email\" class=\"uagb-forms-email-input uagb-forms-input\" placeholder=\"example@mail.com\" name=\"2a30ede0\" autocomplete=\"email\"\/><\/div>\n\n\n\n<div class=\"wp-block-uagb-forms-textarea uagb-forms-textarea-wrap uagb-forms-field-set uagb-block-0af4a451\"><div class=\"uagb-forms-textarea-label required uagb-forms-input-label\" id=\"0af4a451\">Mensaje<\/div><textarea required class=\"uagb-forms-textarea-input uagb-forms-input\" rows=\"4\" placeholder=\"Escriba su mensaje\" name=\"0af4a451\" autocomplete=\"off\"><\/textarea><\/div>\n<div class=\"uagb-forms-form-hidden-data\"><input type=\"hidden\" id=\"g-recaptcha-response\" class=\"uagb-forms-recaptcha\"\/><input type=\"hidden\" class=\"uagb_forms_form_label\" value=\"Spectra Form\"\/><input type=\"hidden\" class=\"uagb_forms_form_id\" value=\"uagb-form-58fbc707\"\/><\/div><div class=\"uagb-form-reacaptcha-error-58fbc707\"><\/div><div class=\"uagb-forms-main-submit-button-wrap wp-block-button\"><button class=\"uagb-forms-main-submit-button wp-block-button__link\"><div class=\"uagb-forms-main-submit-button-text\">Enviar<\/div><\/button><\/div><input type=\"hidden\" name=\"trp-form-language\" value=\"es\"\/><\/form><div class=\"uagb-forms-success-message-58fbc707 uagb-forms-submit-message-hide\"><span>Gracias por contactar con Blueway Group SRL. Un miembro del equipo se pondr\u00e1 en contacto con usted en breve.<\/span><\/div><div class=\"uagb-forms-failed-message-58fbc707 uagb-forms-submit-message-hide\"><span>Se ha producido un error al enviar el formulario. Por favor, compruebe de nuevo todos los campos del formulario.<\/span><\/div><\/div>\n<\/div><\/div>","protected":false},"excerpt":{"rendered":"<p>Transform Challenges into Opportunities with Nearshore Expertise. About Us &#8220;Blueway Group is a leading provider of nearshore consulting services, specializing [&hellip;]<\/p>","protected":false},"author":1,"featured_media":0,"parent":0,"menu_order":0,"comment_status":"closed","ping_status":"closed","template":"","meta":{"_uag_custom_page_level_css":"","site-sidebar-layout":"default","site-content-layout":"","ast-site-content-layout":"full-width-container","site-content-style":"boxed","site-sidebar-style":"default","ast-global-header-display":"","ast-banner-title-visibility":"","ast-main-header-display":"","ast-hfb-above-header-display":"","ast-hfb-below-header-display":"","ast-hfb-mobile-header-display":"","site-post-title":"disabled","ast-breadcrumbs-content":"","ast-featured-img":"","footer-sml-layout":"","theme-transparent-header-meta":"default","adv-header-id-meta":"","stick-header-meta":"","header-above-stick-meta":"","header-main-stick-meta":"","header-below-stick-meta":"","astra-migrate-meta-layouts":"set","ast-page-background-enabled":"default","ast-page-background-meta":{"desktop":{"background-color":"var(--ast-global-color-4)","background-image":"","background-repeat":"repeat","background-position":"center center","background-size":"auto","background-attachment":"scroll","background-type":"","background-media":"","overlay-type":"","overlay-color":"","overlay-opacity":"","overlay-gradient":""},"tablet":{"background-color":"","background-image":"","background-repeat":"repeat","background-position":"center center","background-size":"auto","background-attachment":"scroll","background-type":"","background-media":"","overlay-type":"","overlay-color":"","overlay-opacity":"","overlay-gradient":""},"mobile":{"background-color":"","background-image":"","background-repeat":"repeat","background-position":"center center","background-size":"auto","background-attachment":"scroll","background-type":"","background-media":"","overlay-type":"","overlay-color":"","overlay-opacity":"","overlay-gradient":""}},"ast-content-background-meta":{"desktop":{"background-color":"var(--ast-global-color-5)","background-image":"","background-repeat":"repeat","background-position":"center center","background-size":"auto","background-attachment":"scroll","background-type":"","background-media":"","overlay-type":"","overlay-color":"","overlay-opacity":"","overlay-gradient":""},"tablet":{"background-color":"var(--ast-global-color-5)","background-image":"","background-repeat":"repeat","background-position":"center center","background-size":"auto","background-attachment":"scroll","background-type":"","background-media":"","overlay-type":"","overlay-color":"","overlay-opacity":"","overlay-gradient":""},"mobile":{"background-color":"var(--ast-global-color-5)","background-image":"","background-repeat":"repeat","background-position":"center center","background-size":"auto","background-attachment":"scroll","background-type":"","background-media":"","overlay-type":"","overlay-color":"","overlay-opacity":"","overlay-gradient":""}},"footnotes":""},"class_list":["post-1603","page","type-page","status-publish","hentry"],"aioseo_notices":[],"uagb_featured_image_src":{"full":false,"thumbnail":false,"medium":false,"medium_large":false,"large":false,"1536x1536":false,"2048x2048":false,"trp-custom-language-flag":false},"uagb_author_info":{"display_name":"blueway_5ylfvs","author_link":"https:\/\/www.bluewayapps.com\/es\/author\/blueway_5ylfvs\/"},"uagb_comment_info":0,"uagb_excerpt":"Transform Challenges into Opportunities with Nearshore Expertise. About Us &#8220;Blueway Group is a leading provider of nearshore consulting services, specializing [&hellip;]","_links":{"self":[{"href":"https:\/\/www.bluewayapps.com\/es\/wp-json\/wp\/v2\/pages\/1603","targetHints":{"allow":["GET"]}}],"collection":[{"href":"https:\/\/www.bluewayapps.com\/es\/wp-json\/wp\/v2\/pages"}],"about":[{"href":"https:\/\/www.bluewayapps.com\/es\/wp-json\/wp\/v2\/types\/page"}],"author":[{"embeddable":true,"href":"https:\/\/www.bluewayapps.com\/es\/wp-json\/wp\/v2\/users\/1"}],"replies":[{"embeddable":true,"href":"https:\/\/www.bluewayapps.com\/es\/wp-json\/wp\/v2\/comments?post=1603"}],"version-history":[{"count":2,"href":"https:\/\/www.bluewayapps.com\/es\/wp-json\/wp\/v2\/pages\/1603\/revisions"}],"predecessor-version":[{"id":1765,"href":"https:\/\/www.bluewayapps.com\/es\/wp-json\/wp\/v2\/pages\/1603\/revisions\/1765"}],"wp:attachment":[{"href":"https:\/\/www.bluewayapps.com\/es\/wp-json\/wp\/v2\/media?parent=1603"}],"curies":[{"name":"wp","href":"https:\/\/api.w.org\/{rel}","templated":true}]}}